{"id":2138,"date":"2023-09-20T10:23:01","date_gmt":"2023-09-20T10:23:01","guid":{"rendered":"https:\/\/www.nirvanadavet.com\/tr\/?page_id=2138"},"modified":"2023-09-20T10:23:01","modified_gmt":"2023-09-20T10:23:01","slug":"cocuk-alani","status":"publish","type":"page","link":"https:\/\/www.nirvanadavet.com\/tr\/cocuk-alani\/","title":{"rendered":"\u00c7ocuk Alan\u0131"},"content":{"rendered":"<div  id=\"section-xszzf\" class=\"fullwidth-content ui--section clearfix outer-shadow-2 cloudfw-ui-parallax-effect section-xszzf color--dark\"><div class=\"ui--video-background-holder\"><div  class=\"ui--parallax\" data-stellar-ratio=\"0.3\"><\/div><\/div><div  class=\"ui--section-content outer-shadow-2\"><div class=\"container\"><h2 id=\"custom-title-h2-1\" class=\"ui--animation \" style=\"text-align: center; margin-top: -18px; \"><strong>\u00c7ocuk Alan\u0131<\/strong><\/h2><\/div><\/div><\/div><!-- \/.fullwidth-container --><div  class=\"ui--divider ui--animation clearfix ui--divider-solid-line\"><\/div><div id=\"ui--gallery-1\" class=\"ui--gallery ui--pass\" data-columns=\"4\"><div class=\"unstyled-all clearfix ui--gallery-wrapper columns-4 \"><div class=\"ui-row row\">\n <div   class=\"ui-column span3\"><div class=\"ui--gallery-item ui--animation\"><div class=\"inner\"><a href=\"https:\/\/www.nirvanadavet.com\/tr\/wp-content\/uploads\/2023\/09\/6-min.jpg\" target=\"_blank\" data-rel=\"prettyPhoto[ui--gallery-1]\"><img loading=\"lazy\" decoding=\"async\" width=\"500\" height=\"500\" src=\"https:\/\/www.nirvanadavet.com\/tr\/wp-content\/uploads\/2023\/09\/6-min-500x500.jpg\" class=\"attachment-custom_500x500x1 size-custom_500x500x1\" alt=\"\" srcset=\"https:\/\/www.nirvanadavet.com\/tr\/wp-content\/uploads\/2023\/09\/6-min-500x500.jpg 500w, https:\/\/www.nirvanadavet.com\/tr\/wp-content\/uploads\/2023\/09\/6-min-150x150.jpg 150w\" sizes=\"auto, (max-width: 500px) 100vw, 500px\" \/><div class=\"ui--gallery-overlay\"><div class=\"center\"><span class=\"btn btn-normal btn-icon-left btn-grey ui--animation\" href=\"#\" style=\"\"><i class=\"ui--icon fontawesome-fullscreen\"><\/i><\/span> <\/div><\/div><\/a><\/div><\/div><\/div> \n\n <div   class=\"ui-column span3\"><div class=\"ui--gallery-item ui--animation\"><div class=\"inner\"><a href=\"https:\/\/www.nirvanadavet.com\/tr\/wp-content\/uploads\/2023\/09\/X19A9126-min.jpg\" target=\"_blank\" data-rel=\"prettyPhoto[ui--gallery-1]\"><img loading=\"lazy\" decoding=\"async\" width=\"500\" height=\"500\" src=\"https:\/\/www.nirvanadavet.com\/tr\/wp-content\/uploads\/2023\/09\/X19A9126-min-500x500.jpg\" class=\"attachment-custom_500x500x1 size-custom_500x500x1\" alt=\"\" srcset=\"https:\/\/www.nirvanadavet.com\/tr\/wp-content\/uploads\/2023\/09\/X19A9126-min-500x500.jpg 500w, https:\/\/www.nirvanadavet.com\/tr\/wp-content\/uploads\/2023\/09\/X19A9126-min-150x150.jpg 150w\" sizes=\"auto, (max-width: 500px) 100vw, 500px\" \/><div class=\"ui--gallery-overlay\"><div class=\"center\"><span class=\"btn btn-normal btn-icon-left btn-grey ui--animation\" href=\"#\" style=\"\"><i class=\"ui--icon fontawesome-fullscreen\"><\/i><\/span> <\/div><\/div><\/a><\/div><\/div><\/div> \n\n <div   class=\"ui-column span3\"><div class=\"ui--gallery-item ui--animation\"><div class=\"inner\"><a href=\"https:\/\/www.nirvanadavet.com\/tr\/wp-content\/uploads\/2023\/09\/X19A9131-min.jpg\" target=\"_blank\" data-rel=\"prettyPhoto[ui--gallery-1]\"><img loading=\"lazy\" decoding=\"async\" width=\"500\" height=\"500\" src=\"https:\/\/www.nirvanadavet.com\/tr\/wp-content\/uploads\/2023\/09\/X19A9131-min-500x500.jpg\" class=\"attachment-custom_500x500x1 size-custom_500x500x1\" alt=\"\" srcset=\"https:\/\/www.nirvanadavet.com\/tr\/wp-content\/uploads\/2023\/09\/X19A9131-min-500x500.jpg 500w, https:\/\/www.nirvanadavet.com\/tr\/wp-content\/uploads\/2023\/09\/X19A9131-min-150x150.jpg 150w\" sizes=\"auto, (max-width: 500px) 100vw, 500px\" \/><div class=\"ui--gallery-overlay\"><div class=\"center\"><span class=\"btn btn-normal btn-icon-left btn-grey ui--animation\" href=\"#\" style=\"\"><i class=\"ui--icon fontawesome-fullscreen\"><\/i><\/span> <\/div><\/div><\/a><\/div><\/div><\/div> \n\n <div   class=\"ui-column span3\"><div class=\"ui--gallery-item ui--animation\"><div class=\"inner\"><a href=\"https:\/\/www.nirvanadavet.com\/tr\/wp-content\/uploads\/2023\/09\/X19A9130-min.jpg\" target=\"_blank\" data-rel=\"prettyPhoto[ui--gallery-1]\"><img loading=\"lazy\" decoding=\"async\" width=\"500\" height=\"500\" src=\"https:\/\/www.nirvanadavet.com\/tr\/wp-content\/uploads\/2023\/09\/X19A9130-min-500x500.jpg\" class=\"attachment-custom_500x500x1 size-custom_500x500x1\" alt=\"\" srcset=\"https:\/\/www.nirvanadavet.com\/tr\/wp-content\/uploads\/2023\/09\/X19A9130-min-500x500.jpg 500w, https:\/\/www.nirvanadavet.com\/tr\/wp-content\/uploads\/2023\/09\/X19A9130-min-150x150.jpg 150w\" sizes=\"auto, (max-width: 500px) 100vw, 500px\" \/><div class=\"ui--gallery-overlay\"><div class=\"center\"><span class=\"btn btn-normal btn-icon-left btn-grey ui--animation\" href=\"#\" style=\"\"><i class=\"ui--icon fontawesome-fullscreen\"><\/i><\/span> <\/div><\/div><\/a><\/div><\/div><\/div> \n\n<\/div> \n<\/div><div class=\"clearfix\"><\/div><\/div>","protected":false},"excerpt":{"rendered":"<p>\u00c7ocuk Alan\u0131<\/p>\n","protected":false},"author":1,"featured_media":0,"parent":0,"menu_order":0,"comment_status":"closed","ping_status":"closed","template":"","meta":{"footnotes":""},"class_list":["post-2138","page","type-page","status-publish","hentry"],"yoast_head":"<!-- This site is optimized with the Yoast SEO plugin v20.13 - https:\/\/yoast.com\/wordpress\/plugins\/seo\/ -->\n<title>\u00c7ocuk Alan\u0131 - Nirvana Davet Salonlar\u0131<\/title>\n<meta name=\"robots\" content=\"index, follow, max-snippet:-1, max-image-preview:large, max-video-preview:-1\" \/>\n<link rel=\"canonical\" href=\"https:\/\/www.nirvanadavet.com\/tr\/cocuk-alani\/\" \/>\n<meta property=\"og:locale\" content=\"tr_TR\" \/>\n<meta property=\"og:type\" content=\"article\" \/>\n<meta property=\"og:title\" content=\"\u00c7ocuk Alan\u0131 - Nirvana Davet Salonlar\u0131\" \/>\n<meta property=\"og:description\" content=\"\u00c7ocuk Alan\u0131\" \/>\n<meta property=\"og:url\" content=\"https:\/\/www.nirvanadavet.com\/tr\/cocuk-alani\/\" \/>\n<meta property=\"og:site_name\" content=\"Nirvana Davet Salonlar\u0131\" \/>\n<meta name=\"twitter:card\" content=\"summary_large_image\" \/>\n<script type=\"application\/ld+json\" class=\"yoast-schema-graph\">{\"@context\":\"https:\/\/schema.org\",\"@graph\":[{\"@type\":\"WebPage\",\"@id\":\"https:\/\/www.nirvanadavet.com\/tr\/cocuk-alani\/\",\"url\":\"https:\/\/www.nirvanadavet.com\/tr\/cocuk-alani\/\",\"name\":\"\u00c7ocuk Alan\u0131 - Nirvana Davet Salonlar\u0131\",\"isPartOf\":{\"@id\":\"https:\/\/www.nirvanadavet.com\/tr\/#website\"},\"datePublished\":\"2023-09-20T10:23:01+00:00\",\"dateModified\":\"2023-09-20T10:23:01+00:00\",\"breadcrumb\":{\"@id\":\"https:\/\/www.nirvanadavet.com\/tr\/cocuk-alani\/#breadcrumb\"},\"inLanguage\":\"tr\",\"potentialAction\":[{\"@type\":\"ReadAction\",\"target\":[\"https:\/\/www.nirvanadavet.com\/tr\/cocuk-alani\/\"]}]},{\"@type\":\"BreadcrumbList\",\"@id\":\"https:\/\/www.nirvanadavet.com\/tr\/cocuk-alani\/#breadcrumb\",\"itemListElement\":[{\"@type\":\"ListItem\",\"position\":1,\"name\":\"Anasayfa\",\"item\":\"https:\/\/www.nirvanadavet.com\/tr\/\"},{\"@type\":\"ListItem\",\"position\":2,\"name\":\"\u00c7ocuk Alan\u0131\"}]},{\"@type\":\"WebSite\",\"@id\":\"https:\/\/www.nirvanadavet.com\/tr\/#website\",\"url\":\"https:\/\/www.nirvanadavet.com\/tr\/\",\"name\":\"Nirvana Davet Salonlar\u0131\",\"description\":\"Nirvana Salonlar\u0131na Ho\u015fgeldiniz!\",\"potentialAction\":[{\"@type\":\"SearchAction\",\"target\":{\"@type\":\"EntryPoint\",\"urlTemplate\":\"https:\/\/www.nirvanadavet.com\/tr\/?s={search_term_string}\"},\"query-input\":\"required name=search_term_string\"}],\"inLanguage\":\"tr\"}]}<\/script>\n<!-- \/ Yoast SEO plugin. -->","yoast_head_json":{"title":"\u00c7ocuk Alan\u0131 - Nirvana Davet Salonlar\u0131","robots":{"index":"index","follow":"follow","max-snippet":"max-snippet:-1","max-image-preview":"max-image-preview:large","max-video-preview":"max-video-preview:-1"},"canonical":"https:\/\/www.nirvanadavet.com\/tr\/cocuk-alani\/","og_locale":"tr_TR","og_type":"article","og_title":"\u00c7ocuk Alan\u0131 - Nirvana Davet Salonlar\u0131","og_description":"\u00c7ocuk Alan\u0131","og_url":"https:\/\/www.nirvanadavet.com\/tr\/cocuk-alani\/","og_site_name":"Nirvana Davet Salonlar\u0131","twitter_card":"summary_large_image","schema":{"@context":"https:\/\/schema.org","@graph":[{"@type":"WebPage","@id":"https:\/\/www.nirvanadavet.com\/tr\/cocuk-alani\/","url":"https:\/\/www.nirvanadavet.com\/tr\/cocuk-alani\/","name":"\u00c7ocuk Alan\u0131 - Nirvana Davet Salonlar\u0131","isPartOf":{"@id":"https:\/\/www.nirvanadavet.com\/tr\/#website"},"datePublished":"2023-09-20T10:23:01+00:00","dateModified":"2023-09-20T10:23:01+00:00","breadcrumb":{"@id":"https:\/\/www.nirvanadavet.com\/tr\/cocuk-alani\/#breadcrumb"},"inLanguage":"tr","potentialAction":[{"@type":"ReadAction","target":["https:\/\/www.nirvanadavet.com\/tr\/cocuk-alani\/"]}]},{"@type":"BreadcrumbList","@id":"https:\/\/www.nirvanadavet.com\/tr\/cocuk-alani\/#breadcrumb","itemListElement":[{"@type":"ListItem","position":1,"name":"Anasayfa","item":"https:\/\/www.nirvanadavet.com\/tr\/"},{"@type":"ListItem","position":2,"name":"\u00c7ocuk Alan\u0131"}]},{"@type":"WebSite","@id":"https:\/\/www.nirvanadavet.com\/tr\/#website","url":"https:\/\/www.nirvanadavet.com\/tr\/","name":"Nirvana Davet Salonlar\u0131","description":"Nirvana Salonlar\u0131na Ho\u015fgeldiniz!","potentialAction":[{"@type":"SearchAction","target":{"@type":"EntryPoint","urlTemplate":"https:\/\/www.nirvanadavet.com\/tr\/?s={search_term_string}"},"query-input":"required name=search_term_string"}],"inLanguage":"tr"}]}},"_links":{"self":[{"href":"https:\/\/www.nirvanadavet.com\/tr\/wp-json\/wp\/v2\/pages\/2138","targetHints":{"allow":["GET"]}}],"collection":[{"href":"https:\/\/www.nirvanadavet.com\/tr\/wp-json\/wp\/v2\/pages"}],"about":[{"href":"https:\/\/www.nirvanadavet.com\/tr\/wp-json\/wp\/v2\/types\/page"}],"author":[{"embeddable":true,"href":"https:\/\/www.nirvanadavet.com\/tr\/wp-json\/wp\/v2\/users\/1"}],"replies":[{"embeddable":true,"href":"https:\/\/www.nirvanadavet.com\/tr\/wp-json\/wp\/v2\/comments?post=2138"}],"version-history":[{"count":1,"href":"https:\/\/www.nirvanadavet.com\/tr\/wp-json\/wp\/v2\/pages\/2138\/revisions"}],"predecessor-version":[{"id":2144,"href":"https:\/\/www.nirvanadavet.com\/tr\/wp-json\/wp\/v2\/pages\/2138\/revisions\/2144"}],"wp:attachment":[{"href":"https:\/\/www.nirvanadavet.com\/tr\/wp-json\/wp\/v2\/media?parent=2138"}],"curies":[{"name":"wp","href":"https:\/\/api.w.org\/{rel}","templated":true}]}}