{"id":331,"date":"2013-08-19T09:52:36","date_gmt":"2013-08-19T09:52:36","guid":{"rendered":"http:\/\/envision.wptation.com\/?page_id=331"},"modified":"2023-09-21T10:13:57","modified_gmt":"2023-09-21T10:13:57","slug":"sunnet_organizasyonu","status":"publish","type":"page","link":"https:\/\/www.nirvanadavet.com\/tr\/sunnet_organizasyonu\/","title":{"rendered":"S\u00fcnnet Organizasyonu"},"content":{"rendered":"<div  id=\"section-iah9d\" class=\"fullwidth-content ui--section clearfix section-iah9d color--dark\"><div  class=\"ui--section-content\"><div class=\"container\"><h2 id=\"custom-title-h2-1\" class=\"ui--animation \" style=\"text-align: center; margin-top: -18px; \"><strong>S\u00fcnnet Organizasyonu<\/strong><\/h2><\/div><\/div><\/div><!-- \/.fullwidth-container --><div  class=\"ui--space clearfix\" data-responsive=\"{&quot;css&quot;:{&quot;height&quot;:{&quot;phone&quot;:null,&quot;tablet&quot;:null,&quot;widescreen&quot;:null}}}\"><\/div><div  class=\"ui--animation-in make--fx--caption-right ui--pass clearfix\" data-fx=\"fx--caption-right\" data-delay=\"400\" data-start-delay=\"0\"><div class=\"ui--carousel clearfix\" data-options=\"{&quot;effect&quot;:&quot;slide&quot;,&quot;auto_rotate&quot;:&quot;1&quot;,&quot;animation_loop&quot;:&quot;1&quot;,&quot;arrows&quot;:&quot;1&quot;,&quot;rotate_time&quot;:9000,&quot;animate&quot;:true}\"><div class=\"slides\"><div class=\"ui-row row\">\n <div   class=\"ui-column span4\"><div  class=\"ui--tagline-box-wrapper ui--animation clearfix\"><div  id=\"tagline-1\" class=\"ui--tagline-box ui-row clearfix ui--tagline-box-custom-color radius-6px\" data-responsive=\"{&quot;css&quot;:{&quot;min-height&quot;:{&quot;phone&quot;:&quot;auto&quot;,&quot;tablet&quot;:&quot;auto&quot;,&quot;widescreen&quot;:&quot;&quot;}}}\"><div  class=\"ui--tagline-background-container ui--tagline-background-overlay radius-6px\"><\/div><div  class=\"ui--tagline-background-container ui--tagline-background-image radius-6px\"><\/div><div  class=\"ui--tagline-content\" style=\"padding-bottom: 12px;\"><div class=\"ui--image-wrap clearfix text-center ui--block\"><a href=\"https:\/\/www.nirvanadavet.com\/tr\/wp-content\/uploads\/2023\/09\/sungg32-min.jpg\" data-rel=\"prettyPhoto\"><img loading=\"lazy\" decoding=\"async\" width=\"347\" height=\"260\" src=\"https:\/\/www.nirvanadavet.com\/tr\/wp-content\/uploads\/2023\/09\/sungg32-min-347x260.jpg\" class=\"ui--image ui--animation radius-30px\" alt=\"\" title=\"sungg32-min\" id=\"ui--image-1\" \/><\/a><\/div><\/div><\/div><div class=\"ui--shadow ui--shadow-type-2  clearfix\"><img decoding=\"async\" src=\"https:\/\/www.nirvanadavet.com\/tr\/wp-content\/themes\/envision\/includes\/modules\/module.shadow\/shadows\/shadow-2.png\" alt=\"shadow\" \/><\/div><\/div><\/div> \n\n <div   class=\"ui-column span4\"><div  class=\"ui--tagline-box-wrapper ui--animation clearfix\"><div  id=\"tagline-2\" class=\"ui--tagline-box ui-row clearfix ui--tagline-box-custom-color radius-6px\" data-responsive=\"{&quot;css&quot;:{&quot;min-height&quot;:{&quot;phone&quot;:&quot;auto&quot;,&quot;tablet&quot;:&quot;auto&quot;,&quot;widescreen&quot;:&quot;&quot;}}}\"><div  class=\"ui--tagline-background-container ui--tagline-background-overlay radius-6px\"><\/div><div  class=\"ui--tagline-background-container ui--tagline-background-image radius-6px\"><\/div><div  class=\"ui--tagline-content\" style=\"padding-bottom: 12px;\"><div class=\"ui--image-wrap clearfix text-center ui--block\"><a href=\"https:\/\/www.nirvanadavet.com\/tr\/wp-content\/uploads\/2023\/09\/sungg33-min.jpg\" data-rel=\"prettyPhoto\"><img loading=\"lazy\" decoding=\"async\" width=\"347\" height=\"260\" src=\"https:\/\/www.nirvanadavet.com\/tr\/wp-content\/uploads\/2023\/09\/sungg33-min-347x260.jpg\" class=\"ui--image ui--animation radius-30px\" alt=\"\" title=\"sungg33-min\" id=\"ui--image-2\" \/><\/a><\/div><\/div><\/div><div class=\"ui--shadow ui--shadow-type-2  clearfix\"><img decoding=\"async\" src=\"https:\/\/www.nirvanadavet.com\/tr\/wp-content\/themes\/envision\/includes\/modules\/module.shadow\/shadows\/shadow-2.png\" alt=\"shadow\" \/><\/div><\/div><\/div> \n\n <div   class=\"ui-column span4\"><div  class=\"ui--tagline-box-wrapper ui--animation clearfix\"><div  id=\"tagline-3\" class=\"ui--tagline-box ui-row clearfix ui--tagline-box-custom-color radius-6px\" data-responsive=\"{&quot;css&quot;:{&quot;min-height&quot;:{&quot;phone&quot;:&quot;auto&quot;,&quot;tablet&quot;:&quot;auto&quot;,&quot;widescreen&quot;:&quot;&quot;}}}\"><div  class=\"ui--tagline-background-container ui--tagline-background-overlay radius-6px\"><\/div><div  class=\"ui--tagline-background-container ui--tagline-background-image radius-6px\"><\/div><div  class=\"ui--tagline-content\" style=\"padding-bottom: 12px;\"><div class=\"ui--image-wrap clearfix text-center ui--block\"><a href=\"https:\/\/www.nirvanadavet.com\/tr\/wp-content\/uploads\/2023\/09\/sun1-kopya-min.jpg\" data-rel=\"prettyPhoto\"><img loading=\"lazy\" decoding=\"async\" width=\"347\" height=\"260\" src=\"https:\/\/www.nirvanadavet.com\/tr\/wp-content\/uploads\/2023\/09\/sun1-kopya-min-347x260.jpg\" class=\"ui--image ui--animation radius-30px\" alt=\"\" title=\"sun1 kopya-min\" id=\"ui--image-3\" \/><\/a><\/div><\/div><\/div><div class=\"ui--shadow ui--shadow-type-2  clearfix\"><img decoding=\"async\" src=\"https:\/\/www.nirvanadavet.com\/tr\/wp-content\/themes\/envision\/includes\/modules\/module.shadow\/shadows\/shadow-2.png\" alt=\"shadow\" \/><\/div><\/div><\/div> \n\n<\/div> \n<div class=\"ui-row row\">\n <div   class=\"ui-column span4\"><div  class=\"ui--tagline-box-wrapper ui--animation clearfix\"><div  id=\"tagline-4\" class=\"ui--tagline-box ui-row clearfix ui--tagline-box-custom-color radius-6px\" data-responsive=\"{&quot;css&quot;:{&quot;min-height&quot;:{&quot;phone&quot;:&quot;auto&quot;,&quot;tablet&quot;:&quot;auto&quot;,&quot;widescreen&quot;:&quot;&quot;}}}\"><div  class=\"ui--tagline-background-container ui--tagline-background-overlay radius-6px\"><\/div><div  class=\"ui--tagline-background-container ui--tagline-background-image radius-6px\"><\/div><div  class=\"ui--tagline-content\" style=\"padding-bottom: 12px;\"><div class=\"ui--image-wrap clearfix text-center ui--block\"><a href=\"https:\/\/www.nirvanadavet.com\/tr\/wp-content\/uploads\/2023\/09\/sungg39-min.jpg\" data-rel=\"prettyPhoto\"><img loading=\"lazy\" decoding=\"async\" width=\"347\" height=\"260\" src=\"https:\/\/www.nirvanadavet.com\/tr\/wp-content\/uploads\/2023\/09\/sungg39-min-347x260.jpg\" class=\"ui--image ui--animation radius-30px\" alt=\"\" title=\"sungg39-min\" id=\"ui--image-4\" \/><\/a><\/div><\/div><\/div><div class=\"ui--shadow ui--shadow-type-2  clearfix\"><img decoding=\"async\" src=\"https:\/\/www.nirvanadavet.com\/tr\/wp-content\/themes\/envision\/includes\/modules\/module.shadow\/shadows\/shadow-2.png\" alt=\"shadow\" \/><\/div><\/div><\/div> \n\n <div   class=\"ui-column span4\"><div  class=\"ui--tagline-box-wrapper ui--animation clearfix\"><div  id=\"tagline-5\" class=\"ui--tagline-box ui-row clearfix ui--tagline-box-custom-color radius-6px\" data-responsive=\"{&quot;css&quot;:{&quot;min-height&quot;:{&quot;phone&quot;:&quot;auto&quot;,&quot;tablet&quot;:&quot;auto&quot;,&quot;widescreen&quot;:&quot;&quot;}}}\"><div  class=\"ui--tagline-background-container ui--tagline-background-overlay radius-6px\"><\/div><div  class=\"ui--tagline-background-container ui--tagline-background-image radius-6px\"><\/div><div  class=\"ui--tagline-content\" style=\"padding-bottom: 12px;\"><div class=\"ui--image-wrap clearfix text-center ui--block\"><a href=\"https:\/\/www.nirvanadavet.com\/tr\/wp-content\/uploads\/2023\/09\/4-4-min.jpg\" data-rel=\"prettyPhoto\"><img loading=\"lazy\" decoding=\"async\" width=\"347\" height=\"260\" src=\"https:\/\/www.nirvanadavet.com\/tr\/wp-content\/uploads\/2023\/09\/4-4-min-347x260.jpg\" class=\"ui--image ui--animation radius-30px\" alt=\"\" title=\"4 (4)-min\" id=\"ui--image-5\" srcset=\"https:\/\/www.nirvanadavet.com\/tr\/wp-content\/uploads\/2023\/09\/4-4-min-347x260.jpg 347w, https:\/\/www.nirvanadavet.com\/tr\/wp-content\/uploads\/2023\/09\/4-4-min-267x200.jpg 267w, https:\/\/www.nirvanadavet.com\/tr\/wp-content\/uploads\/2023\/09\/4-4-min-333x250.jpg 333w\" sizes=\"auto, (max-width: 347px) 100vw, 347px\" \/><\/a><\/div><\/div><\/div><div class=\"ui--shadow ui--shadow-type-2  clearfix\"><img decoding=\"async\" src=\"https:\/\/www.nirvanadavet.com\/tr\/wp-content\/themes\/envision\/includes\/modules\/module.shadow\/shadows\/shadow-2.png\" alt=\"shadow\" \/><\/div><\/div><\/div> \n\n <div   class=\"ui-column span4\"><div  class=\"ui--tagline-box-wrapper ui--animation clearfix\"><div  id=\"tagline-6\" class=\"ui--tagline-box ui-row clearfix ui--tagline-box-custom-color radius-6px\" data-responsive=\"{&quot;css&quot;:{&quot;min-height&quot;:{&quot;phone&quot;:&quot;auto&quot;,&quot;tablet&quot;:&quot;auto&quot;,&quot;widescreen&quot;:&quot;&quot;}}}\"><div  class=\"ui--tagline-background-container ui--tagline-background-overlay radius-6px\"><\/div><div  class=\"ui--tagline-background-container ui--tagline-background-image radius-6px\"><\/div><div  class=\"ui--tagline-content\" style=\"padding-bottom: 12px;\"><div class=\"ui--image-wrap clearfix text-center ui--block\"><a href=\"https:\/\/www.nirvanadavet.com\/tr\/wp-content\/uploads\/2023\/09\/4-5-min.jpg\" data-rel=\"prettyPhoto\"><img loading=\"lazy\" decoding=\"async\" width=\"347\" height=\"260\" src=\"https:\/\/www.nirvanadavet.com\/tr\/wp-content\/uploads\/2023\/09\/4-5-min-347x260.jpg\" class=\"ui--image ui--animation radius-30px\" alt=\"\" title=\"4 (5)-min\" id=\"ui--image-6\" \/><\/a><\/div><\/div><\/div><div class=\"ui--shadow ui--shadow-type-2  clearfix\"><img decoding=\"async\" src=\"https:\/\/www.nirvanadavet.com\/tr\/wp-content\/themes\/envision\/includes\/modules\/module.shadow\/shadows\/shadow-2.png\" alt=\"shadow\" \/><\/div><\/div><\/div> \n\n<\/div> \n<\/div><\/div><\/div><div  class=\"ui--space clearfix\" data-responsive=\"{&quot;css&quot;:{&quot;height&quot;:{&quot;phone&quot;:null,&quot;tablet&quot;:null,&quot;widescreen&quot;:null}}}\"><\/div><div  class=\"ui--animation-in make--fx--appear ui--pass clearfix\" data-fx=\"fx--appear\" data-delay=\"400\" data-start-delay=\"0\"><div  class=\"ui--divider ui--animation clearfix ui--divider-solid-line\"><\/div><div class=\"ui-row row\">\n <div   class=\"ui-column span6\"><div  class=\"ui--tagline-box-wrapper ui--animation clearfix\"><div  id=\"tagline-7\" class=\"ui--tagline-box ui-row clearfix ui--tagline-box-custom-color radius-6px\" data-responsive=\"{&quot;css&quot;:{&quot;min-height&quot;:{&quot;phone&quot;:&quot;auto&quot;,&quot;tablet&quot;:&quot;auto&quot;,&quot;widescreen&quot;:&quot;&quot;}}}\"><div  class=\"ui--tagline-background-container ui--tagline-background-overlay radius-6px\"><\/div><div  class=\"ui--tagline-background-container ui--tagline-background-image radius-6px\"><\/div><div  class=\"ui--tagline-content\" style=\"padding-bottom: 12px;\"><div  class=\"ui--icon-box position--left\"><span class=\"ui--icon-box-icon ui--animation\" data-fx=\"fx--rotatein\"><img decoding=\"async\" class=\"ui--icon\" src=\"https:\/\/www.nirvanadavet.com\/tr\/wp-content\/uploads\/2023\/09\/sunnetorg.png\" alt=\"\" data-at2x=\"https:\/\/www.nirvanadavet.com\/tr\/wp-content\/uploads\/2023\/09\/sunnetorg.png\" data-retina-auto=\"1\"\/><\/span><div  class=\"ui--icon-box-content\"><h2 class=\"ui--icon-box-title ui--animation text-center\" data-fx=\"fx--appear\"><span  style=\"color: #ff2679;\"><\/br><strong>S\u00fcnnet Organizasyonu<\/strong><\/span><\/h2><div  class=\"ui--animation ui--icon-box-text text-left\" data-fx=\"fx--no-effect\"><p><strong>S\u00fcnnet organizasyonu erkek \u00e7ocuklar\u0131n\u0131n belirli bir olgunlu\u011fa geldiklerinde dinimizin emirleri do\u011frultusunda yap\u0131lan s\u00fcnnet i\u015fleminin aileleri taraf\u0131ndan bir merasim olarak d\u00fczenlenip kutlanmas\u0131d\u0131r.<\/p>\n<p>\u00c7ocuklar\u0131m\u0131z\u0131n hayatlar\u0131 boyunca unutulmayacak \u00f6zel g\u00fcnleri aras\u0131nda olan s\u00fcnnet d\u00fc\u011f\u00fcnleri, her anne ve baban\u0131n hayal ettigi g\u00fczelikte olmas\u0131 ac\u0131s\u0131ndan \u00e7ok \u00f6nemlidir. Bu mutlu g\u00fcn\u00fc unutulmaz k\u0131lmak icin; Nirvana Davet olarak, size g\u00fczel bir organizasyon sunabiliriz.<\/p>\n<p>T\u00fcm masalar\u0131n ve sandalyelerin giydirildi\u011fi, etraf\u0131n balonlarla s\u00fcslendi\u011fi \u00e7ocu\u011funuzun keyifle oturaca\u011f\u0131 s\u00fcnnet taht\u0131 ile kullan\u0131lan konfetiye ve volkan g\u00f6sterisiyle olduk\u00e7a ilgi cekicidir. Hem \u00e7ocu\u011funuzun hemde konuklar\u0131n\u0131z\u0131n e\u011flenceli vakit ge\u00e7irebilmelerini sa\u011flamaktay\u0131z.<\/p>\n<p>Bu \u00f6zel g\u00fcn\u00fc \u00f6l\u00fcms\u00fczle\u015ftirmek ve sevdiklerinizle beraber bu e\u011flenceli bir g\u00fcn icin sizleri bekliyoruz.<\/strong><\/p>\n<\/div><\/div><\/div><\/div><\/div><div class=\"ui--shadow ui--shadow-type-2  clearfix\"><img decoding=\"async\" src=\"https:\/\/www.nirvanadavet.com\/tr\/wp-content\/themes\/envision\/includes\/modules\/module.shadow\/shadows\/shadow-2.png\" alt=\"shadow\" \/><\/div><\/div><\/div> \n\n <div   class=\"ui-column span6\"><div class=\"ui--image-wrap clearfix\"><img loading=\"lazy\" decoding=\"async\" width=\"1900\" height=\"1268\" src=\"https:\/\/www.nirvanadavet.com\/tr\/wp-content\/uploads\/2023\/09\/sunnet1900-min.jpg\" class=\"ui--image ui--animation\" alt=\"\" title=\"sunnet1900-min\" id=\"ui--image-7\" srcset=\"https:\/\/www.nirvanadavet.com\/tr\/wp-content\/uploads\/2023\/09\/sunnet1900-min.jpg 1900w, https:\/\/www.nirvanadavet.com\/tr\/wp-content\/uploads\/2023\/09\/sunnet1900-min-300x200.jpg 300w, https:\/\/www.nirvanadavet.com\/tr\/wp-content\/uploads\/2023\/09\/sunnet1900-min-1024x683.jpg 1024w, https:\/\/www.nirvanadavet.com\/tr\/wp-content\/uploads\/2023\/09\/sunnet1900-min-768x513.jpg 768w, https:\/\/www.nirvanadavet.com\/tr\/wp-content\/uploads\/2023\/09\/sunnet1900-min-1536x1025.jpg 1536w\" sizes=\"auto, (max-width: 1900px) 100vw, 1900px\" \/><\/div><div class=\"ui--message-box-wrap ui-row ui--animation clearfix\"><div class=\"ui--message-box clearfix ui--message-box-error ui--gradient\"><div class=\"ui--message-box-inline\"><p><strong>T\u00f6renlerden bir hafta \u00f6nce, t\u00f6ren sahipleriyle \u00f6zel toplant\u0131 yap\u0131lmaktad\u0131r. Bu toplant\u0131da bulunan halkla ili\u015fkiler m\u00fcd\u00fcr\u00fcm\u00fcz ve salon sorumlumuz; T\u00f6renin organizasyonu, m\u00fczik program\u0131, Men\u00fc se\u00e7imi ve salon d\u00fczenlenmesi ile ilgili, sizin uygulanabilir \u00f6zel isteklerinize g\u00f6re \u00f6zel bir d\u00fczenleme ger\u00e7ekle\u015ftirerek her\u015feyin g\u00f6nl\u00fcn\u00fczce olmas\u0131 ama\u00e7lanmaktad\u0131r.<\/strong><\/p>\n<\/div><\/div><div class=\"ui--shadow ui--shadow-type-8  clearfix\"><img decoding=\"async\" src=\"https:\/\/www.nirvanadavet.com\/tr\/wp-content\/themes\/envision\/includes\/modules\/module.shadow\/shadows\/shadow-8.png\" alt=\"shadow\" \/><\/div><\/div><\/div> \n\n<\/div> \n<\/div>","protected":false},"excerpt":{"rendered":"<p>S\u00fcnnet Organizasyonu S\u00fcnnet OrganizasyonuS\u00fcnnet organizasyonu erkek \u00e7ocuklar\u0131n\u0131n belirli bir olgunlu\u011fa geldiklerinde dinimizin emirleri do\u011frultusunda yap\u0131lan s\u00fcnnet i\u015fleminin aileleri taraf\u0131ndan bir merasim olarak d\u00fczenlenip kutlanmas\u0131d\u0131r. \u00c7ocuklar\u0131m\u0131z\u0131n hayatlar\u0131 boyunca unutulmayacak \u00f6zel g\u00fcnleri aras\u0131nda olan s\u00fcnnet d\u00fc\u011f\u00fcnleri, her anne ve baban\u0131n hayal ettigi g\u00fczelikte olmas\u0131 ac\u0131s\u0131ndan \u00e7ok \u00f6nemlidir. Bu mutlu g\u00fcn\u00fc unutulmaz k\u0131lmak icin; Nirvana Davet olarak, size [&hellip;]<\/p>\n","protected":false},"author":1,"featured_media":0,"parent":0,"menu_order":0,"comment_status":"closed","ping_status":"closed","template":"","meta":{"footnotes":""},"class_list":["post-331","page","type-page","status-publish","hentry"],"yoast_head":"<!-- This site is optimized with the Yoast SEO plugin v20.13 - https:\/\/yoast.com\/wordpress\/plugins\/seo\/ -->\n<title>S\u00fcnnet Organizasyonu - Nirvana Davet Salonlar\u0131<\/title>\n<meta name=\"robots\" content=\"index, follow, max-snippet:-1, max-image-preview:large, max-video-preview:-1\" \/>\n<link rel=\"canonical\" href=\"https:\/\/www.nirvanadavet.com\/tr\/sunnet_organizasyonu\/\" \/>\n<meta property=\"og:locale\" content=\"tr_TR\" \/>\n<meta property=\"og:type\" content=\"article\" \/>\n<meta property=\"og:title\" content=\"S\u00fcnnet Organizasyonu - Nirvana Davet Salonlar\u0131\" \/>\n<meta property=\"og:description\" content=\"S\u00fcnnet Organizasyonu S\u00fcnnet OrganizasyonuS\u00fcnnet organizasyonu erkek \u00e7ocuklar\u0131n\u0131n belirli bir olgunlu\u011fa geldiklerinde dinimizin emirleri do\u011frultusunda yap\u0131lan s\u00fcnnet i\u015fleminin aileleri taraf\u0131ndan bir merasim olarak d\u00fczenlenip kutlanmas\u0131d\u0131r. \u00c7ocuklar\u0131m\u0131z\u0131n hayatlar\u0131 boyunca unutulmayacak \u00f6zel g\u00fcnleri aras\u0131nda olan s\u00fcnnet d\u00fc\u011f\u00fcnleri, her anne ve baban\u0131n hayal ettigi g\u00fczelikte olmas\u0131 ac\u0131s\u0131ndan \u00e7ok \u00f6nemlidir. Bu mutlu g\u00fcn\u00fc unutulmaz k\u0131lmak icin; Nirvana Davet olarak, size [&hellip;]\" \/>\n<meta property=\"og:url\" content=\"https:\/\/www.nirvanadavet.com\/tr\/sunnet_organizasyonu\/\" \/>\n<meta property=\"og:site_name\" content=\"Nirvana Davet Salonlar\u0131\" \/>\n<meta property=\"article:modified_time\" content=\"2023-09-21T10:13:57+00:00\" \/>\n<meta name=\"twitter:card\" content=\"summary_large_image\" \/>\n<script type=\"application\/ld+json\" class=\"yoast-schema-graph\">{\"@context\":\"https:\/\/schema.org\",\"@graph\":[{\"@type\":\"WebPage\",\"@id\":\"https:\/\/www.nirvanadavet.com\/tr\/sunnet_organizasyonu\/\",\"url\":\"https:\/\/www.nirvanadavet.com\/tr\/sunnet_organizasyonu\/\",\"name\":\"S\u00fcnnet Organizasyonu - Nirvana Davet Salonlar\u0131\",\"isPartOf\":{\"@id\":\"https:\/\/www.nirvanadavet.com\/tr\/#website\"},\"datePublished\":\"2013-08-19T09:52:36+00:00\",\"dateModified\":\"2023-09-21T10:13:57+00:00\",\"breadcrumb\":{\"@id\":\"https:\/\/www.nirvanadavet.com\/tr\/sunnet_organizasyonu\/#breadcrumb\"},\"inLanguage\":\"tr\",\"potentialAction\":[{\"@type\":\"ReadAction\",\"target\":[\"https:\/\/www.nirvanadavet.com\/tr\/sunnet_organizasyonu\/\"]}]},{\"@type\":\"BreadcrumbList\",\"@id\":\"https:\/\/www.nirvanadavet.com\/tr\/sunnet_organizasyonu\/#breadcrumb\",\"itemListElement\":[{\"@type\":\"ListItem\",\"position\":1,\"name\":\"Anasayfa\",\"item\":\"https:\/\/www.nirvanadavet.com\/tr\/\"},{\"@type\":\"ListItem\",\"position\":2,\"name\":\"S\u00fcnnet Organizasyonu\"}]},{\"@type\":\"WebSite\",\"@id\":\"https:\/\/www.nirvanadavet.com\/tr\/#website\",\"url\":\"https:\/\/www.nirvanadavet.com\/tr\/\",\"name\":\"Nirvana Davet Salonlar\u0131\",\"description\":\"Nirvana Salonlar\u0131na Ho\u015fgeldiniz!\",\"potentialAction\":[{\"@type\":\"SearchAction\",\"target\":{\"@type\":\"EntryPoint\",\"urlTemplate\":\"https:\/\/www.nirvanadavet.com\/tr\/?s={search_term_string}\"},\"query-input\":\"required name=search_term_string\"}],\"inLanguage\":\"tr\"}]}<\/script>\n<!-- \/ Yoast SEO plugin. -->","yoast_head_json":{"title":"S\u00fcnnet Organizasyonu - Nirvana Davet Salonlar\u0131","robots":{"index":"index","follow":"follow","max-snippet":"max-snippet:-1","max-image-preview":"max-image-preview:large","max-video-preview":"max-video-preview:-1"},"canonical":"https:\/\/www.nirvanadavet.com\/tr\/sunnet_organizasyonu\/","og_locale":"tr_TR","og_type":"article","og_title":"S\u00fcnnet Organizasyonu - Nirvana Davet Salonlar\u0131","og_description":"S\u00fcnnet Organizasyonu S\u00fcnnet OrganizasyonuS\u00fcnnet organizasyonu erkek \u00e7ocuklar\u0131n\u0131n belirli bir olgunlu\u011fa geldiklerinde dinimizin emirleri do\u011frultusunda yap\u0131lan s\u00fcnnet i\u015fleminin aileleri taraf\u0131ndan bir merasim olarak d\u00fczenlenip kutlanmas\u0131d\u0131r. \u00c7ocuklar\u0131m\u0131z\u0131n hayatlar\u0131 boyunca unutulmayacak \u00f6zel g\u00fcnleri aras\u0131nda olan s\u00fcnnet d\u00fc\u011f\u00fcnleri, her anne ve baban\u0131n hayal ettigi g\u00fczelikte olmas\u0131 ac\u0131s\u0131ndan \u00e7ok \u00f6nemlidir. Bu mutlu g\u00fcn\u00fc unutulmaz k\u0131lmak icin; Nirvana Davet olarak, size [&hellip;]","og_url":"https:\/\/www.nirvanadavet.com\/tr\/sunnet_organizasyonu\/","og_site_name":"Nirvana Davet Salonlar\u0131","article_modified_time":"2023-09-21T10:13:57+00:00","twitter_card":"summary_large_image","schema":{"@context":"https:\/\/schema.org","@graph":[{"@type":"WebPage","@id":"https:\/\/www.nirvanadavet.com\/tr\/sunnet_organizasyonu\/","url":"https:\/\/www.nirvanadavet.com\/tr\/sunnet_organizasyonu\/","name":"S\u00fcnnet Organizasyonu - Nirvana Davet Salonlar\u0131","isPartOf":{"@id":"https:\/\/www.nirvanadavet.com\/tr\/#website"},"datePublished":"2013-08-19T09:52:36+00:00","dateModified":"2023-09-21T10:13:57+00:00","breadcrumb":{"@id":"https:\/\/www.nirvanadavet.com\/tr\/sunnet_organizasyonu\/#breadcrumb"},"inLanguage":"tr","potentialAction":[{"@type":"ReadAction","target":["https:\/\/www.nirvanadavet.com\/tr\/sunnet_organizasyonu\/"]}]},{"@type":"BreadcrumbList","@id":"https:\/\/www.nirvanadavet.com\/tr\/sunnet_organizasyonu\/#breadcrumb","itemListElement":[{"@type":"ListItem","position":1,"name":"Anasayfa","item":"https:\/\/www.nirvanadavet.com\/tr\/"},{"@type":"ListItem","position":2,"name":"S\u00fcnnet Organizasyonu"}]},{"@type":"WebSite","@id":"https:\/\/www.nirvanadavet.com\/tr\/#website","url":"https:\/\/www.nirvanadavet.com\/tr\/","name":"Nirvana Davet Salonlar\u0131","description":"Nirvana Salonlar\u0131na Ho\u015fgeldiniz!","potentialAction":[{"@type":"SearchAction","target":{"@type":"EntryPoint","urlTemplate":"https:\/\/www.nirvanadavet.com\/tr\/?s={search_term_string}"},"query-input":"required name=search_term_string"}],"inLanguage":"tr"}]}},"_links":{"self":[{"href":"https:\/\/www.nirvanadavet.com\/tr\/wp-json\/wp\/v2\/pages\/331","targetHints":{"allow":["GET"]}}],"collection":[{"href":"https:\/\/www.nirvanadavet.com\/tr\/wp-json\/wp\/v2\/pages"}],"about":[{"href":"https:\/\/www.nirvanadavet.com\/tr\/wp-json\/wp\/v2\/types\/page"}],"author":[{"embeddable":true,"href":"https:\/\/www.nirvanadavet.com\/tr\/wp-json\/wp\/v2\/users\/1"}],"replies":[{"embeddable":true,"href":"https:\/\/www.nirvanadavet.com\/tr\/wp-json\/wp\/v2\/comments?post=331"}],"version-history":[{"count":13,"href":"https:\/\/www.nirvanadavet.com\/tr\/wp-json\/wp\/v2\/pages\/331\/revisions"}],"predecessor-version":[{"id":2165,"href":"https:\/\/www.nirvanadavet.com\/tr\/wp-json\/wp\/v2\/pages\/331\/revisions\/2165"}],"wp:attachment":[{"href":"https:\/\/www.nirvanadavet.com\/tr\/wp-json\/wp\/v2\/media?parent=331"}],"curies":[{"name":"wp","href":"https:\/\/api.w.org\/{rel}","templated":true}]}}