{"id":334,"date":"2013-08-19T10:54:15","date_gmt":"2013-08-19T10:54:15","guid":{"rendered":"http:\/\/envision.wptation.com\/?page_id=334"},"modified":"2023-09-21T10:13:20","modified_gmt":"2023-09-21T10:13:20","slug":"nisan-organizasyonu","status":"publish","type":"page","link":"https:\/\/www.nirvanadavet.com\/tr\/nisan-organizasyonu\/","title":{"rendered":"Ni\u015fan Organizasyonu"},"content":{"rendered":"<div  id=\"section-iah9d\" class=\"fullwidth-content ui--section clearfix section-iah9d color--dark\"><div  class=\"ui--section-content\"><div class=\"container\"><h2 id=\"custom-title-h2-1\" class=\"ui--animation \" style=\"text-align: center; margin-top: -18px; \"><strong>Ni\u015fan Organizasyonu<\/strong><\/h2><\/div><\/div><\/div><!-- \/.fullwidth-container --><div  class=\"ui--space clearfix\" data-responsive=\"{&quot;css&quot;:{&quot;height&quot;:{&quot;phone&quot;:null,&quot;tablet&quot;:null,&quot;widescreen&quot;:null}}}\"><\/div><div  class=\"ui--animation-in make--fx--caption-right ui--pass clearfix\" data-fx=\"fx--caption-right\" data-delay=\"400\" data-start-delay=\"0\"><div class=\"ui--carousel clearfix\" data-options=\"{&quot;effect&quot;:&quot;slide&quot;,&quot;auto_rotate&quot;:&quot;1&quot;,&quot;animation_loop&quot;:&quot;1&quot;,&quot;arrows&quot;:&quot;1&quot;,&quot;rotate_time&quot;:9000,&quot;animate&quot;:true}\"><div class=\"slides\"><div class=\"ui-row row\">\n <div   class=\"ui-column span4\"><div  class=\"ui--tagline-box-wrapper ui--animation clearfix\"><div  id=\"tagline-1\" class=\"ui--tagline-box ui-row clearfix ui--tagline-box-custom-color radius-6px\" data-responsive=\"{&quot;css&quot;:{&quot;min-height&quot;:{&quot;phone&quot;:&quot;auto&quot;,&quot;tablet&quot;:&quot;auto&quot;,&quot;widescreen&quot;:&quot;&quot;}}}\"><div  class=\"ui--tagline-background-container ui--tagline-background-overlay radius-6px\"><\/div><div  class=\"ui--tagline-background-container ui--tagline-background-image radius-6px\"><\/div><div  class=\"ui--tagline-content\" style=\"padding-bottom: 12px;\"><div class=\"ui--image-wrap clearfix text-center ui--block\"><a href=\"https:\/\/www.nirvanadavet.com\/tr\/wp-content\/uploads\/2023\/09\/X19A9135-min.jpg\" data-rel=\"prettyPhoto\"><img loading=\"lazy\" decoding=\"async\" width=\"347\" height=\"260\" src=\"https:\/\/www.nirvanadavet.com\/tr\/wp-content\/uploads\/2023\/09\/X19A9135-min-347x260.jpg\" class=\"ui--image ui--animation radius-30px\" alt=\"\" title=\"X19A9135-min\" id=\"ui--image-1\" \/><\/a><\/div><\/div><\/div><div class=\"ui--shadow ui--shadow-type-2  clearfix\"><img decoding=\"async\" src=\"https:\/\/www.nirvanadavet.com\/tr\/wp-content\/themes\/envision\/includes\/modules\/module.shadow\/shadows\/shadow-2.png\" alt=\"shadow\" \/><\/div><\/div><\/div> \n\n <div   class=\"ui-column span4\"><div  class=\"ui--tagline-box-wrapper ui--animation clearfix\"><div  id=\"tagline-2\" class=\"ui--tagline-box ui-row clearfix ui--tagline-box-custom-color radius-6px\" data-responsive=\"{&quot;css&quot;:{&quot;min-height&quot;:{&quot;phone&quot;:&quot;auto&quot;,&quot;tablet&quot;:&quot;auto&quot;,&quot;widescreen&quot;:&quot;&quot;}}}\"><div  class=\"ui--tagline-background-container ui--tagline-background-overlay radius-6px\"><\/div><div  class=\"ui--tagline-background-container ui--tagline-background-image radius-6px\"><\/div><div  class=\"ui--tagline-content\" style=\"padding-bottom: 12px;\"><div class=\"ui--image-wrap clearfix text-center ui--block\"><a href=\"https:\/\/www.nirvanadavet.com\/tr\/wp-content\/uploads\/2023\/09\/X19A9146-min.jpg\" data-rel=\"prettyPhoto\"><img loading=\"lazy\" decoding=\"async\" width=\"347\" height=\"260\" src=\"https:\/\/www.nirvanadavet.com\/tr\/wp-content\/uploads\/2023\/09\/X19A9146-min-347x260.jpg\" class=\"ui--image ui--animation radius-30px\" alt=\"\" title=\"X19A9146-min\" id=\"ui--image-2\" \/><\/a><\/div><\/div><\/div><div class=\"ui--shadow ui--shadow-type-2  clearfix\"><img decoding=\"async\" src=\"https:\/\/www.nirvanadavet.com\/tr\/wp-content\/themes\/envision\/includes\/modules\/module.shadow\/shadows\/shadow-2.png\" alt=\"shadow\" \/><\/div><\/div><\/div> \n\n <div   class=\"ui-column span4\"><div  class=\"ui--tagline-box-wrapper ui--animation clearfix\"><div  id=\"tagline-3\" class=\"ui--tagline-box ui-row clearfix ui--tagline-box-custom-color radius-6px\" data-responsive=\"{&quot;css&quot;:{&quot;min-height&quot;:{&quot;phone&quot;:&quot;auto&quot;,&quot;tablet&quot;:&quot;auto&quot;,&quot;widescreen&quot;:&quot;&quot;}}}\"><div  class=\"ui--tagline-background-container ui--tagline-background-overlay radius-6px\"><\/div><div  class=\"ui--tagline-background-container ui--tagline-background-image radius-6px\"><\/div><div  class=\"ui--tagline-content\" style=\"padding-bottom: 12px;\"><div class=\"ui--image-wrap clearfix text-center ui--block\"><a href=\"https:\/\/www.nirvanadavet.com\/tr\/wp-content\/uploads\/2023\/09\/10539152_1577374045817105_274890567754783006_o.jpg\" data-rel=\"prettyPhoto\"><img loading=\"lazy\" decoding=\"async\" width=\"347\" height=\"260\" src=\"https:\/\/www.nirvanadavet.com\/tr\/wp-content\/uploads\/2023\/09\/10539152_1577374045817105_274890567754783006_o-347x260.jpg\" class=\"ui--image ui--animation radius-30px\" alt=\"\" title=\"10539152_1577374045817105_274890567754783006_o\" id=\"ui--image-3\" \/><\/a><\/div><\/div><\/div><div class=\"ui--shadow ui--shadow-type-2  clearfix\"><img decoding=\"async\" src=\"https:\/\/www.nirvanadavet.com\/tr\/wp-content\/themes\/envision\/includes\/modules\/module.shadow\/shadows\/shadow-2.png\" alt=\"shadow\" \/><\/div><\/div><\/div> \n\n<\/div> \n<div class=\"ui-row row\">\n <div   class=\"ui-column span4\"><div  class=\"ui--tagline-box-wrapper ui--animation clearfix\"><div  id=\"tagline-4\" class=\"ui--tagline-box ui-row clearfix ui--tagline-box-custom-color radius-6px\" data-responsive=\"{&quot;css&quot;:{&quot;min-height&quot;:{&quot;phone&quot;:&quot;auto&quot;,&quot;tablet&quot;:&quot;auto&quot;,&quot;widescreen&quot;:&quot;&quot;}}}\"><div  class=\"ui--tagline-background-container ui--tagline-background-overlay radius-6px\"><\/div><div  class=\"ui--tagline-background-container ui--tagline-background-image radius-6px\"><\/div><div  class=\"ui--tagline-content\" style=\"padding-bottom: 12px;\"><div class=\"ui--image-wrap clearfix text-center ui--block\"><a href=\"https:\/\/www.nirvanadavet.com\/tr\/wp-content\/uploads\/2023\/09\/X19A9159-min.jpg\" data-rel=\"prettyPhoto\"><img loading=\"lazy\" decoding=\"async\" width=\"347\" height=\"260\" src=\"https:\/\/www.nirvanadavet.com\/tr\/wp-content\/uploads\/2023\/09\/X19A9159-min-347x260.jpg\" class=\"ui--image ui--animation radius-30px\" alt=\"\" title=\"X19A9159-min\" id=\"ui--image-4\" \/><\/a><\/div><\/div><\/div><div class=\"ui--shadow ui--shadow-type-2  clearfix\"><img decoding=\"async\" src=\"https:\/\/www.nirvanadavet.com\/tr\/wp-content\/themes\/envision\/includes\/modules\/module.shadow\/shadows\/shadow-2.png\" alt=\"shadow\" \/><\/div><\/div><\/div> \n\n <div   class=\"ui-column span4\"><div  class=\"ui--tagline-box-wrapper ui--animation clearfix\"><div  id=\"tagline-5\" class=\"ui--tagline-box ui-row clearfix ui--tagline-box-custom-color radius-6px\" data-responsive=\"{&quot;css&quot;:{&quot;min-height&quot;:{&quot;phone&quot;:&quot;auto&quot;,&quot;tablet&quot;:&quot;auto&quot;,&quot;widescreen&quot;:&quot;&quot;}}}\"><div  class=\"ui--tagline-background-container ui--tagline-background-overlay radius-6px\"><\/div><div  class=\"ui--tagline-background-container ui--tagline-background-image radius-6px\"><\/div><div  class=\"ui--tagline-content\" style=\"padding-bottom: 12px;\"><div class=\"ui--image-wrap clearfix text-center ui--block\"><a href=\"https:\/\/www.nirvanadavet.com\/tr\/wp-content\/uploads\/2023\/09\/X19A9210-min.jpg\" data-rel=\"prettyPhoto\"><img loading=\"lazy\" decoding=\"async\" width=\"347\" height=\"260\" src=\"https:\/\/www.nirvanadavet.com\/tr\/wp-content\/uploads\/2023\/09\/X19A9210-min-347x260.jpg\" class=\"ui--image ui--animation radius-30px\" alt=\"\" title=\"X19A9210-min\" id=\"ui--image-5\" \/><\/a><\/div><\/div><\/div><div class=\"ui--shadow ui--shadow-type-2  clearfix\"><img decoding=\"async\" src=\"https:\/\/www.nirvanadavet.com\/tr\/wp-content\/themes\/envision\/includes\/modules\/module.shadow\/shadows\/shadow-2.png\" alt=\"shadow\" \/><\/div><\/div><\/div> \n\n <div   class=\"ui-column span4\"><div  class=\"ui--tagline-box-wrapper ui--animation clearfix\"><div  id=\"tagline-6\" class=\"ui--tagline-box ui-row clearfix ui--tagline-box-custom-color radius-6px\" data-responsive=\"{&quot;css&quot;:{&quot;min-height&quot;:{&quot;phone&quot;:&quot;auto&quot;,&quot;tablet&quot;:&quot;auto&quot;,&quot;widescreen&quot;:&quot;&quot;}}}\"><div  class=\"ui--tagline-background-container ui--tagline-background-overlay radius-6px\"><\/div><div  class=\"ui--tagline-background-container ui--tagline-background-image radius-6px\"><\/div><div  class=\"ui--tagline-content\" style=\"padding-bottom: 12px;\"><div class=\"ui--image-wrap clearfix text-center ui--block\"><a href=\"https:\/\/www.nirvanadavet.com\/tr\/wp-content\/uploads\/2023\/09\/X19A9197-min.jpg\" data-rel=\"prettyPhoto\"><img loading=\"lazy\" decoding=\"async\" width=\"347\" height=\"260\" src=\"https:\/\/www.nirvanadavet.com\/tr\/wp-content\/uploads\/2023\/09\/X19A9197-min-347x260.jpg\" class=\"ui--image ui--animation radius-30px\" alt=\"\" title=\"X19A9197-min\" id=\"ui--image-6\" \/><\/a><\/div><\/div><\/div><div class=\"ui--shadow ui--shadow-type-2  clearfix\"><img decoding=\"async\" src=\"https:\/\/www.nirvanadavet.com\/tr\/wp-content\/themes\/envision\/includes\/modules\/module.shadow\/shadows\/shadow-2.png\" alt=\"shadow\" \/><\/div><\/div><\/div> \n\n<\/div> \n<\/div><\/div><\/div><div  class=\"ui--space clearfix\" data-responsive=\"{&quot;css&quot;:{&quot;height&quot;:{&quot;phone&quot;:null,&quot;tablet&quot;:null,&quot;widescreen&quot;:null}}}\"><\/div><div  class=\"ui--animation-in make--fx--appear ui--pass clearfix\" data-fx=\"fx--appear\" data-delay=\"400\" data-start-delay=\"0\"><div  class=\"ui--divider ui--animation clearfix ui--divider-solid-line\"><\/div><div class=\"ui-row row\">\n <div   class=\"ui-column span6\"><div  class=\"ui--tagline-box-wrapper ui--animation clearfix\"><div  id=\"tagline-7\" class=\"ui--tagline-box ui-row clearfix ui--tagline-box-custom-color radius-6px\" data-responsive=\"{&quot;css&quot;:{&quot;min-height&quot;:{&quot;phone&quot;:&quot;auto&quot;,&quot;tablet&quot;:&quot;auto&quot;,&quot;widescreen&quot;:&quot;&quot;}}}\"><div  class=\"ui--tagline-background-container ui--tagline-background-overlay radius-6px\"><\/div><div  class=\"ui--tagline-background-container ui--tagline-background-image radius-6px\"><\/div><div  class=\"ui--tagline-content\" style=\"padding-bottom: 12px;\"><div  class=\"ui--icon-box position--left\"><span class=\"ui--icon-box-icon ui--animation\" data-fx=\"fx--rotatein\"><img decoding=\"async\" class=\"ui--icon\" src=\"https:\/\/www.nirvanadavet.com\/tr\/wp-content\/uploads\/2023\/08\/nisan100.png\" alt=\"\" data-at2x=\"https:\/\/www.nirvanadavet.com\/tr\/wp-content\/uploads\/2023\/08\/nisan100.png\" data-retina-auto=\"1\"\/><\/span><div  class=\"ui--icon-box-content\"><h2 class=\"ui--icon-box-title ui--animation text-center\" data-fx=\"fx--appear\"><span  style=\"color: #ff2679;\"><\/br><strong>Ni\u015fan Organizasyonu<\/strong><\/span><\/h2><div  class=\"ui--animation ui--icon-box-text text-left\" data-fx=\"fx--no-effect\"><p><strong>Evlilik yolunda ilerledi\u011finiz heyecan dolu bir ser\u00fcvende \u201cNirvana Davet\u201d olarak sizleri en kaliteli hizmet ile bulu\u015fturuyoruz. Ni\u015fan organizasyonlar\u0131n\u0131zda birbirinden farkl\u0131 fikir ve s\u00fcslemelerimiz ile ni\u015fan tepsisi modellerimiz \u015f\u0131k davetlerinizde yerini almay\u0131 bekliyor.<\/p>\n<p>Herkesin hayalidir dillere destan ve g\u00fczel geri d\u00f6n\u00fc\u015fleri olan bir ni\u015fan yapmak , i\u015fte bu noktada hizmetin kalitesi Nirvana Davet&#8217;tir. <\/p>\n<p>Ni\u015fan, Evlili\u011fe Giden Yolda \u00d6nemli Yap\u0131 Ta\u015flar\u0131ndand\u0131r, Ni\u015fan Program\u0131n\u0131z\u0131n Beklentilerinizin \u00d6tesinde Olmas\u0131 \u0130\u00e7in Bizi Aray\u0131n.<\/p>\n<p>Misafirlerinizi en iyi \u015fekilde kar\u015f\u0131layal\u0131m ve mutluluk i\u00e7erisinde, g\u00fczel d\u00f6n\u00fc\u015flerle ayr\u0131lmalar\u0131n\u0131 sa\u011flayal\u0131m. Renkler, \u0131\u015f\u0131klar, m\u00fczik ve salon d\u00fczeni ile duyular\u0131 \u00e7elen bir ambiyans olu\u015fturan Nirvana Davet, kutlamalar\u0131 unutulmaz k\u0131l\u0131yor.<\/strong> <\/p>\n<\/div><\/div><\/div><\/div><\/div><div class=\"ui--shadow ui--shadow-type-2  clearfix\"><img decoding=\"async\" src=\"https:\/\/www.nirvanadavet.com\/tr\/wp-content\/themes\/envision\/includes\/modules\/module.shadow\/shadows\/shadow-2.png\" alt=\"shadow\" \/><\/div><\/div><\/div> \n\n <div   class=\"ui-column span6\"><div class=\"ui--image-wrap clearfix ui--animation text-center ui--block\"><div class=\"ui--image-inline-block\"><img loading=\"lazy\" decoding=\"async\" width=\"600\" height=\"358\" src=\"https:\/\/www.nirvanadavet.com\/tr\/wp-content\/uploads\/2023\/08\/F3nm63251125-Bhk749-0E4095B3CE30.jpg\" class=\"ui--image radius-6px\" alt=\"\" title=\"F3nm63251125-Bhk749-0E4095B3CE30\" id=\"ui--image-7\" srcset=\"https:\/\/www.nirvanadavet.com\/tr\/wp-content\/uploads\/2023\/08\/F3nm63251125-Bhk749-0E4095B3CE30.jpg 600w, https:\/\/www.nirvanadavet.com\/tr\/wp-content\/uploads\/2023\/08\/F3nm63251125-Bhk749-0E4095B3CE30-300x179.jpg 300w\" sizes=\"auto, (max-width: 600px) 100vw, 600px\" \/><div class=\"ui--shadow ui--shadow-type-8 ui--shadow-abs clearfix\"><img decoding=\"async\" src=\"https:\/\/www.nirvanadavet.com\/tr\/wp-content\/themes\/envision\/includes\/modules\/module.shadow\/shadows\/shadow-8.png\" alt=\"shadow\" \/><\/div><\/div><\/div><div class=\"ui--message-box-wrap ui-row ui--animation clearfix\"><div class=\"ui--message-box clearfix ui--message-box-error ui--gradient\"><div class=\"ui--message-box-inline\"><p><strong>T\u00f6renlerden bir hafta \u00f6nce, t\u00f6ren sahipleriyle \u00f6zel toplant\u0131 yap\u0131lmaktad\u0131r. Bu toplant\u0131da bulunan halkla ili\u015fkiler m\u00fcd\u00fcr\u00fcm\u00fcz ve salon sorumlumuz; T\u00f6renin organizasyonu, m\u00fczik program\u0131, Men\u00fc se\u00e7imi ve salon d\u00fczenlenmesi ile ilgili, sizin uygulanabilir \u00f6zel isteklerinize g\u00f6re \u00f6zel bir d\u00fczenleme ger\u00e7ekle\u015ftirerek her\u015feyin g\u00f6nl\u00fcn\u00fczce olmas\u0131 ama\u00e7lanmaktad\u0131r.<\/strong><\/p>\n<\/div><\/div><div class=\"ui--shadow ui--shadow-type-8  clearfix\"><img decoding=\"async\" src=\"https:\/\/www.nirvanadavet.com\/tr\/wp-content\/themes\/envision\/includes\/modules\/module.shadow\/shadows\/shadow-8.png\" alt=\"shadow\" \/><\/div><\/div><\/div> \n\n<\/div> \n<\/div>","protected":false},"excerpt":{"rendered":"<p>Ni\u015fan Organizasyonu Ni\u015fan OrganizasyonuEvlilik yolunda ilerledi\u011finiz heyecan dolu bir ser\u00fcvende \u201cNirvana Davet\u201d olarak sizleri en kaliteli hizmet ile bulu\u015fturuyoruz. Ni\u015fan organizasyonlar\u0131n\u0131zda birbirinden farkl\u0131 fikir ve s\u00fcslemelerimiz ile ni\u015fan tepsisi modellerimiz \u015f\u0131k davetlerinizde yerini almay\u0131 bekliyor. Herkesin hayalidir dillere destan ve g\u00fczel geri d\u00f6n\u00fc\u015fleri olan bir ni\u015fan yapmak , i\u015fte bu noktada hizmetin kalitesi Nirvana Davet&#8217;tir. [&hellip;]<\/p>\n","protected":false},"author":1,"featured_media":0,"parent":0,"menu_order":0,"comment_status":"closed","ping_status":"closed","template":"","meta":{"footnotes":""},"class_list":["post-334","page","type-page","status-publish","hentry"],"yoast_head":"<!-- This site is optimized with the Yoast SEO plugin v20.13 - https:\/\/yoast.com\/wordpress\/plugins\/seo\/ -->\n<title>Ni\u015fan Organizasyonu - Nirvana Davet Salonlar\u0131<\/title>\n<meta name=\"robots\" content=\"index, follow, max-snippet:-1, max-image-preview:large, max-video-preview:-1\" \/>\n<link rel=\"canonical\" href=\"https:\/\/www.nirvanadavet.com\/tr\/nisan-organizasyonu\/\" \/>\n<meta property=\"og:locale\" content=\"tr_TR\" \/>\n<meta property=\"og:type\" content=\"article\" \/>\n<meta property=\"og:title\" content=\"Ni\u015fan Organizasyonu - Nirvana Davet Salonlar\u0131\" \/>\n<meta property=\"og:description\" content=\"Ni\u015fan Organizasyonu Ni\u015fan OrganizasyonuEvlilik yolunda ilerledi\u011finiz heyecan dolu bir ser\u00fcvende \u201cNirvana Davet\u201d olarak sizleri en kaliteli hizmet ile bulu\u015fturuyoruz. Ni\u015fan organizasyonlar\u0131n\u0131zda birbirinden farkl\u0131 fikir ve s\u00fcslemelerimiz ile ni\u015fan tepsisi modellerimiz \u015f\u0131k davetlerinizde yerini almay\u0131 bekliyor. Herkesin hayalidir dillere destan ve g\u00fczel geri d\u00f6n\u00fc\u015fleri olan bir ni\u015fan yapmak , i\u015fte bu noktada hizmetin kalitesi Nirvana Davet&#8217;tir. [&hellip;]\" \/>\n<meta property=\"og:url\" content=\"https:\/\/www.nirvanadavet.com\/tr\/nisan-organizasyonu\/\" \/>\n<meta property=\"og:site_name\" content=\"Nirvana Davet Salonlar\u0131\" \/>\n<meta property=\"article:modified_time\" content=\"2023-09-21T10:13:20+00:00\" \/>\n<meta name=\"twitter:card\" content=\"summary_large_image\" \/>\n<script type=\"application\/ld+json\" class=\"yoast-schema-graph\">{\"@context\":\"https:\/\/schema.org\",\"@graph\":[{\"@type\":\"WebPage\",\"@id\":\"https:\/\/www.nirvanadavet.com\/tr\/nisan-organizasyonu\/\",\"url\":\"https:\/\/www.nirvanadavet.com\/tr\/nisan-organizasyonu\/\",\"name\":\"Ni\u015fan Organizasyonu - Nirvana Davet Salonlar\u0131\",\"isPartOf\":{\"@id\":\"https:\/\/www.nirvanadavet.com\/tr\/#website\"},\"datePublished\":\"2013-08-19T10:54:15+00:00\",\"dateModified\":\"2023-09-21T10:13:20+00:00\",\"breadcrumb\":{\"@id\":\"https:\/\/www.nirvanadavet.com\/tr\/nisan-organizasyonu\/#breadcrumb\"},\"inLanguage\":\"tr\",\"potentialAction\":[{\"@type\":\"ReadAction\",\"target\":[\"https:\/\/www.nirvanadavet.com\/tr\/nisan-organizasyonu\/\"]}]},{\"@type\":\"BreadcrumbList\",\"@id\":\"https:\/\/www.nirvanadavet.com\/tr\/nisan-organizasyonu\/#breadcrumb\",\"itemListElement\":[{\"@type\":\"ListItem\",\"position\":1,\"name\":\"Anasayfa\",\"item\":\"https:\/\/www.nirvanadavet.com\/tr\/\"},{\"@type\":\"ListItem\",\"position\":2,\"name\":\"Ni\u015fan Organizasyonu\"}]},{\"@type\":\"WebSite\",\"@id\":\"https:\/\/www.nirvanadavet.com\/tr\/#website\",\"url\":\"https:\/\/www.nirvanadavet.com\/tr\/\",\"name\":\"Nirvana Davet Salonlar\u0131\",\"description\":\"Nirvana Salonlar\u0131na Ho\u015fgeldiniz!\",\"potentialAction\":[{\"@type\":\"SearchAction\",\"target\":{\"@type\":\"EntryPoint\",\"urlTemplate\":\"https:\/\/www.nirvanadavet.com\/tr\/?s={search_term_string}\"},\"query-input\":\"required name=search_term_string\"}],\"inLanguage\":\"tr\"}]}<\/script>\n<!-- \/ Yoast SEO plugin. -->","yoast_head_json":{"title":"Ni\u015fan Organizasyonu - Nirvana Davet Salonlar\u0131","robots":{"index":"index","follow":"follow","max-snippet":"max-snippet:-1","max-image-preview":"max-image-preview:large","max-video-preview":"max-video-preview:-1"},"canonical":"https:\/\/www.nirvanadavet.com\/tr\/nisan-organizasyonu\/","og_locale":"tr_TR","og_type":"article","og_title":"Ni\u015fan Organizasyonu - Nirvana Davet Salonlar\u0131","og_description":"Ni\u015fan Organizasyonu Ni\u015fan OrganizasyonuEvlilik yolunda ilerledi\u011finiz heyecan dolu bir ser\u00fcvende \u201cNirvana Davet\u201d olarak sizleri en kaliteli hizmet ile bulu\u015fturuyoruz. Ni\u015fan organizasyonlar\u0131n\u0131zda birbirinden farkl\u0131 fikir ve s\u00fcslemelerimiz ile ni\u015fan tepsisi modellerimiz \u015f\u0131k davetlerinizde yerini almay\u0131 bekliyor. Herkesin hayalidir dillere destan ve g\u00fczel geri d\u00f6n\u00fc\u015fleri olan bir ni\u015fan yapmak , i\u015fte bu noktada hizmetin kalitesi Nirvana Davet&#8217;tir. [&hellip;]","og_url":"https:\/\/www.nirvanadavet.com\/tr\/nisan-organizasyonu\/","og_site_name":"Nirvana Davet Salonlar\u0131","article_modified_time":"2023-09-21T10:13:20+00:00","twitter_card":"summary_large_image","schema":{"@context":"https:\/\/schema.org","@graph":[{"@type":"WebPage","@id":"https:\/\/www.nirvanadavet.com\/tr\/nisan-organizasyonu\/","url":"https:\/\/www.nirvanadavet.com\/tr\/nisan-organizasyonu\/","name":"Ni\u015fan Organizasyonu - Nirvana Davet Salonlar\u0131","isPartOf":{"@id":"https:\/\/www.nirvanadavet.com\/tr\/#website"},"datePublished":"2013-08-19T10:54:15+00:00","dateModified":"2023-09-21T10:13:20+00:00","breadcrumb":{"@id":"https:\/\/www.nirvanadavet.com\/tr\/nisan-organizasyonu\/#breadcrumb"},"inLanguage":"tr","potentialAction":[{"@type":"ReadAction","target":["https:\/\/www.nirvanadavet.com\/tr\/nisan-organizasyonu\/"]}]},{"@type":"BreadcrumbList","@id":"https:\/\/www.nirvanadavet.com\/tr\/nisan-organizasyonu\/#breadcrumb","itemListElement":[{"@type":"ListItem","position":1,"name":"Anasayfa","item":"https:\/\/www.nirvanadavet.com\/tr\/"},{"@type":"ListItem","position":2,"name":"Ni\u015fan Organizasyonu"}]},{"@type":"WebSite","@id":"https:\/\/www.nirvanadavet.com\/tr\/#website","url":"https:\/\/www.nirvanadavet.com\/tr\/","name":"Nirvana Davet Salonlar\u0131","description":"Nirvana Salonlar\u0131na Ho\u015fgeldiniz!","potentialAction":[{"@type":"SearchAction","target":{"@type":"EntryPoint","urlTemplate":"https:\/\/www.nirvanadavet.com\/tr\/?s={search_term_string}"},"query-input":"required name=search_term_string"}],"inLanguage":"tr"}]}},"_links":{"self":[{"href":"https:\/\/www.nirvanadavet.com\/tr\/wp-json\/wp\/v2\/pages\/334","targetHints":{"allow":["GET"]}}],"collection":[{"href":"https:\/\/www.nirvanadavet.com\/tr\/wp-json\/wp\/v2\/pages"}],"about":[{"href":"https:\/\/www.nirvanadavet.com\/tr\/wp-json\/wp\/v2\/types\/page"}],"author":[{"embeddable":true,"href":"https:\/\/www.nirvanadavet.com\/tr\/wp-json\/wp\/v2\/users\/1"}],"replies":[{"embeddable":true,"href":"https:\/\/www.nirvanadavet.com\/tr\/wp-json\/wp\/v2\/comments?post=334"}],"version-history":[{"count":12,"href":"https:\/\/www.nirvanadavet.com\/tr\/wp-json\/wp\/v2\/pages\/334\/revisions"}],"predecessor-version":[{"id":2164,"href":"https:\/\/www.nirvanadavet.com\/tr\/wp-json\/wp\/v2\/pages\/334\/revisions\/2164"}],"wp:attachment":[{"href":"https:\/\/www.nirvanadavet.com\/tr\/wp-json\/wp\/v2\/media?parent=334"}],"curies":[{"name":"wp","href":"https:\/\/api.w.org\/{rel}","templated":true}]}}